{"id":256,"date":"2024-03-12T20:20:28","date_gmt":"2024-03-12T20:20:28","guid":{"rendered":"https:\/\/www.iies.unam.mx\/laboratorios\/suelos-sustentables\/?page_id=256"},"modified":"2024-03-12T20:21:05","modified_gmt":"2024-03-12T20:21:05","slug":"recent-outreach-materials","status":"publish","type":"page","link":"https:\/\/www.iies.unam.mx\/laboratorios\/suelos-sustentables\/recent-outreach-materials\/","title":{"rendered":"Recent outreach materials"},"content":{"rendered":"\n<p>Video \u201cResiliencia\u201d in Spanish<br><div id=\"erdyt-69eec043091d0\" data-id=\"NnLbM8Tmmts\" class=\"erd-youtube-responsive\" style=\"display:block;position:relative;clear:both;width:100%;max-width:100%;margin-left:auto;margin-right:auto;\"><div style=\"padding-bottom:56.25%;\"><div class=\"erd-ytplay\" id=\"erdytp-NnLbM8Tmmts-69eec043091d0\" data-vid=\"NnLbM8Tmmts\" data-src=\"https:\/\/www.youtube.com\/embed\/NnLbM8Tmmts?loop=1&#038;autoplay=1&#038;rel=0\" data-allowfullscreen=\"true\"><img decoding=\"async\" src=\"https:\/\/i.ytimg.com\/vi\/NnLbM8Tmmts\/hqdefault.jpg\" alt=\"YouTube video\" \/><\/div><\/div><\/div><\/p>\n\n\n\n<h3 class=\"wp-block-heading\">YouTube videos in Spanish about Plant cover management in avocado orchards<\/h3>\n\n\n\n<p><strong>Manejo de arvenses en huertas de aguacate<\/strong><\/p>\n\n\n\n<div class=\"wp-block-columns is-layout-flex wp-container-core-columns-layout-1 wp-block-columns-is-layout-flex\">\n<div class=\"wp-block-column is-layout-flow wp-block-column-is-layout-flow\">\n<p><div id=\"erdyt-69eec0430938d\" data-id=\"O9_WARsNJLw\" class=\"erd-youtube-responsive\" style=\"display:block;position:relative;clear:both;width:100%;max-width:100%;margin-left:auto;margin-right:auto;\"><div style=\"padding-bottom:56.25%;\"><div class=\"erd-ytplay\" id=\"erdytp-O9_WARsNJLw-69eec0430938d\" data-vid=\"O9_WARsNJLw\" data-src=\"https:\/\/www.youtube.com\/embed\/O9_WARsNJLw?loop=1&#038;autoplay=1&#038;rel=0\" data-allowfullscreen=\"true\"><img decoding=\"async\" src=\"https:\/\/i.ytimg.com\/vi\/O9_WARsNJLw\/hqdefault.jpg\" alt=\"YouTube video\" \/><\/div><\/div><\/div><br>1 de 5<\/p>\n<\/div>\n\n\n\n<div class=\"wp-block-column is-layout-flow wp-block-column-is-layout-flow\">\n<p><div id=\"erdyt-69eec043094e6\" data-id=\"XzDX_WOUdZc\" class=\"erd-youtube-responsive\" style=\"display:block;position:relative;clear:both;width:100%;max-width:100%;margin-left:auto;margin-right:auto;\"><div style=\"padding-bottom:56.25%;\"><div class=\"erd-ytplay\" id=\"erdytp-XzDX_WOUdZc-69eec043094e6\" data-vid=\"XzDX_WOUdZc\" data-src=\"https:\/\/www.youtube.com\/embed\/XzDX_WOUdZc?loop=1&#038;autoplay=1&#038;rel=0\" data-allowfullscreen=\"true\"><img decoding=\"async\" src=\"https:\/\/i.ytimg.com\/vi\/XzDX_WOUdZc\/hqdefault.jpg\" alt=\"YouTube video\" \/><\/div><\/div><\/div><br>2 de 5<\/p>\n<\/div>\n\n\n\n<div class=\"wp-block-column is-layout-flow wp-block-column-is-layout-flow\">\n<p><div id=\"erdyt-69eec04309634\" data-id=\"pzZzkSGw8aw\" class=\"erd-youtube-responsive\" style=\"display:block;position:relative;clear:both;width:100%;max-width:100%;margin-left:auto;margin-right:auto;\"><div style=\"padding-bottom:56.25%;\"><div class=\"erd-ytplay\" id=\"erdytp-pzZzkSGw8aw-69eec04309634\" data-vid=\"pzZzkSGw8aw\" data-src=\"https:\/\/www.youtube.com\/embed\/pzZzkSGw8aw?loop=1&#038;autoplay=1&#038;rel=0\" data-allowfullscreen=\"true\"><img decoding=\"async\" src=\"https:\/\/i.ytimg.com\/vi\/pzZzkSGw8aw\/hqdefault.jpg\" alt=\"YouTube video\" \/><\/div><\/div><\/div><br>3 de 5<\/p>\n<\/div>\n<\/div>\n\n\n\n<div class=\"wp-block-columns is-layout-flex wp-container-core-columns-layout-2 wp-block-columns-is-layout-flex\">\n<div class=\"wp-block-column is-layout-flow wp-block-column-is-layout-flow\">\n<p><div id=\"erdyt-69eec0430977b\" data-id=\"1vOO0vDo-UE\" class=\"erd-youtube-responsive\" style=\"display:block;position:relative;clear:both;width:100%;max-width:100%;margin-left:auto;margin-right:auto;\"><div style=\"padding-bottom:56.25%;\"><div class=\"erd-ytplay\" id=\"erdytp-1vOO0vDo-UE-69eec0430977b\" data-vid=\"1vOO0vDo-UE\" data-src=\"https:\/\/www.youtube.com\/embed\/1vOO0vDo-UE?loop=1&#038;autoplay=1&#038;rel=0\" data-allowfullscreen=\"true\"><img decoding=\"async\" src=\"https:\/\/i.ytimg.com\/vi\/1vOO0vDo-UE\/hqdefault.jpg\" alt=\"YouTube video\" \/><\/div><\/div><\/div><br>4 de 5<\/p>\n<\/div>\n\n\n\n<div class=\"wp-block-column is-layout-flow wp-block-column-is-layout-flow\">\n<p><div id=\"erdyt-69eec043098bf\" data-id=\"1T2EM7dwLTo\" class=\"erd-youtube-responsive\" style=\"display:block;position:relative;clear:both;width:100%;max-width:100%;margin-left:auto;margin-right:auto;\"><div style=\"padding-bottom:56.25%;\"><div class=\"erd-ytplay\" id=\"erdytp-1T2EM7dwLTo-69eec043098bf\" data-vid=\"1T2EM7dwLTo\" data-src=\"https:\/\/www.youtube.com\/embed\/1T2EM7dwLTo?loop=1&#038;autoplay=1&#038;rel=0\" data-allowfullscreen=\"true\"><img decoding=\"async\" src=\"https:\/\/i.ytimg.com\/vi\/1T2EM7dwLTo\/hqdefault.jpg\" alt=\"YouTube video\" \/><\/div><\/div><\/div><br>5 de 5<\/p>\n<\/div>\n\n\n\n<div class=\"wp-block-column is-layout-flow wp-block-column-is-layout-flow\"><\/div>\n<\/div>\n\n\n\n<p><br><strong>C\u00e1psula manejo de cobertura polinizaci\u00f3n Mayra Gavito<\/strong>. <br><div id=\"erdyt-69eec04309a08\" data-id=\"yIBMqZ4swTo\" class=\"erd-youtube-responsive\" style=\"display:block;position:relative;clear:both;width:100%;max-width:100%;margin-left:auto;margin-right:auto;\"><div style=\"padding-bottom:56.25%;\"><div class=\"erd-ytplay\" id=\"erdytp-yIBMqZ4swTo-69eec04309a08\" data-vid=\"yIBMqZ4swTo\" data-src=\"https:\/\/www.youtube.com\/embed\/yIBMqZ4swTo?loop=1&#038;autoplay=1&#038;rel=0\" data-allowfullscreen=\"true\"><img decoding=\"async\" src=\"https:\/\/i.ytimg.com\/vi\/yIBMqZ4swTo\/hqdefault.jpg\" alt=\"YouTube video\" \/><\/div><\/div><\/div><\/p>\n\n\n\n<p><br><strong>C\u00e1psula manejo de cobertura dise\u00f1o plantaci\u00f3n. Mayra Gavito. <\/strong><br><div id=\"erdyt-69eec04309b49\" data-id=\"nE6Ov_N-plo\" class=\"erd-youtube-responsive\" style=\"display:block;position:relative;clear:both;width:100%;max-width:100%;margin-left:auto;margin-right:auto;\"><div style=\"padding-bottom:56.25%;\"><div class=\"erd-ytplay\" id=\"erdytp-nE6Ov_N-plo-69eec04309b49\" data-vid=\"nE6Ov_N-plo\" data-src=\"https:\/\/www.youtube.com\/embed\/nE6Ov_N-plo?loop=1&#038;autoplay=1&#038;rel=0\" data-allowfullscreen=\"true\"><img decoding=\"async\" src=\"https:\/\/i.ytimg.com\/vi\/nE6Ov_N-plo\/hqdefault.jpg\" alt=\"YouTube video\" \/><\/div><\/div><\/div><\/p>\n\n\n\n<p><strong>Handbook in Spanish about plant cover management in avocado orchards: Mayra E. Gavito, Yair Merl\u00edn-Uribe, Marta Astier Calder\u00f3n, Laura Villamil-Echeverri, Cynthia Armend\u00e1riz Arnez. 2022. 96 pp. Downloadable print, pdf and ebook versions<\/strong>.<br><div class=\"_df_book df-lite\" id=\"df_217\"  data-title=\"manual-de-manejo-de-coberturas-vegetales-en-huertas-de-aguacate\" _slug=\"217\" wpoptions=\"true\" thumb=\"http:\/\/www.iies.unam.mx\/laboratorios\/suelos-sustentables\/wp-content\/uploads\/2024\/01\/Manual-de-manejo-de-coberturas-vegetales-en-huertas-de-aguacate.jpg\" thumbtype=\"\" ><\/div><script class=\"df-shortcode-script\" type=\"application\/javascript\">window.option_df_217 = {\"outline\":[],\"autoEnableOutline\":\"false\",\"autoEnableThumbnail\":\"false\",\"overwritePDFOutline\":\"false\",\"direction\":\"1\",\"pageSize\":\"0\",\"source\":\"http:\\\/\\\/www.iies.unam.mx\\\/laboratorios\\\/suelos-sustentables\\\/wp-content\\\/uploads\\\/2024\\\/01\\\/Manual-de-manejo-de-coberturas-vegetales-en-huertas-de-aguacate.pdf\",\"wpOptions\":\"true\"}; if(window.DFLIP && window.DFLIP.parseBooks){window.DFLIP.parseBooks();}<\/script><br><\/p>\n\n\n\n<p>Podcast interview in Spanish for \u201cDel suelo al cielo\u201d podcast of Agricultural production without agrotoxics: our future\u201d. November 2022<strong>.<\/strong> <a href=\"https:\/\/open.spotify.com\/show\/5VSTqJq2edYKLU5YpVvebv\" target=\"_blank\" rel=\"noreferrer noopener\">https:\/\/open.spotify.com\/show\/5VSTqJq2edYKLU5YpVvebv<\/a><\/p>\n\n\n\n<p><strong>Outreach and environmental education video in Spanish \u201cLuc\u00eda la jardinera\u201d a childrens\u00b4story about the recovery of tropical dry forest ecosystems<\/strong>.<br><div id=\"erdyt-69eec0430a75c\" data-id=\"csTqsQ12hVI\" class=\"erd-youtube-responsive\" style=\"display:block;position:relative;clear:both;width:100%;max-width:100%;margin-left:auto;margin-right:auto;\"><div style=\"padding-bottom:56.25%;\"><div class=\"erd-ytplay\" id=\"erdytp-csTqsQ12hVI-69eec0430a75c\" data-vid=\"csTqsQ12hVI\" data-src=\"https:\/\/www.youtube.com\/embed\/csTqsQ12hVI?loop=1&#038;autoplay=1&#038;rel=0\" data-allowfullscreen=\"true\"><img decoding=\"async\" src=\"https:\/\/i.ytimg.com\/vi\/csTqsQ12hVI\/hqdefault.jpg\" alt=\"YouTube video\" \/><\/div><\/div><\/div><\/p>\n\n\n\n<p><\/p>\n\n\n\n<h2 class=\"wp-block-heading\"><strong>TECHNOLOGICAL DEVELOPMENTS<\/strong><\/h2>\n\n\n\n<ol start=\"1\">\n<li>Visual color guide to verify leaf nitrogen content in Hass avocado trees in Michoac\u00e1n. 2014. Eloy R. Pat L\u00f3pez, Mayra E. Gavito, Yair Merl\u00edn U., Laura Villamil E. y Marta Astier C. Centro de Investigaciones en Geograf\u00eda Ambiental, UNAM. (Print Version)<\/li>\n<\/ol>\n\n\n\n<ol start=\"2\">\n<li>AppguacateN. Mobile phone app in IOS and Android. Visual color guide to verify leaf nitrogen content in Hass avocado trees in Michoac\u00e1n 2016. Eloy R. Pat L\u00f3pez, Mayra E. Gavito, Yair Merl\u00edn U., y Marta Astier C. Laboratorio de Innovaci\u00f3n Ecotecnol\u00f3gica para la Sustentabilidad (LANIES), Instituto de Investigaciones en Ecosistemas y Sustentabilidad y Centro de Investigaciones en Geograf\u00eda Ambiental, UNAM.<\/li>\n<\/ol>\n\n\n\n<ol start=\"3\">\n<li>AppguacateN. Version 2. Mobile phone upgraded app under development in IOS and Android. Visual color guide to verify leaf nitrogen content in Hass avocado trees in Michoac\u00e1n. 2023. Mayra E. Gavito, Heberto Ferreira Medina, Marta Astier C., Carlos Gonz\u00e1lez Esquivel, M. \u00c1ngeles Gallegos Tavera. Laboratorio de Innovaci\u00f3n Ecotecnol\u00f3gica para la Sustentabilidad (LANIES), Instituto de Investigaciones en Ecosistemas y Sustentabilidad y Centro de Investigaciones en Geograf\u00eda Ambiental, UNAM.<\/li>\n<\/ol>\n\n\n\n<h2 class=\"wp-block-heading\"><br><\/h2>\n","protected":false},"excerpt":{"rendered":"<p>Video \u201cResiliencia\u201d in Spanish YouTube videos in Spanish about Plant cover management in avocado orchards Manejo de arvenses en huertas de aguacate 1 de 5 2 de 5 3 de 5 4 de 5 5 de 5 C\u00e1psula manejo de cobertura polinizaci\u00f3n Mayra Gavito. C\u00e1psula manejo de cobertura dise\u00f1o plantaci\u00f3n. Mayra Gavito. Handbook in Spanish &hellip; <a href=\"https:\/\/www.iies.unam.mx\/laboratorios\/suelos-sustentables\/recent-outreach-materials\/\" class=\"more-link\">Seguir leyendo <span class=\"screen-reader-text\">Recent outreach materials<\/span> <span class=\"meta-nav\">&rarr;<\/span><\/a><\/p>\n","protected":false},"author":5,"featured_media":0,"parent":0,"menu_order":0,"comment_status":"closed","ping_status":"closed","template":"","meta":{"footnotes":""},"_links":{"self":[{"href":"https:\/\/www.iies.unam.mx\/laboratorios\/suelos-sustentables\/wp-json\/wp\/v2\/pages\/256"}],"collection":[{"href":"https:\/\/www.iies.unam.mx\/laboratorios\/suelos-sustentables\/wp-json\/wp\/v2\/pages"}],"about":[{"href":"https:\/\/www.iies.unam.mx\/laboratorios\/suelos-sustentables\/wp-json\/wp\/v2\/types\/page"}],"author":[{"embeddable":true,"href":"https:\/\/www.iies.unam.mx\/laboratorios\/suelos-sustentables\/wp-json\/wp\/v2\/users\/5"}],"replies":[{"embeddable":true,"href":"https:\/\/www.iies.unam.mx\/laboratorios\/suelos-sustentables\/wp-json\/wp\/v2\/comments?post=256"}],"version-history":[{"count":2,"href":"https:\/\/www.iies.unam.mx\/laboratorios\/suelos-sustentables\/wp-json\/wp\/v2\/pages\/256\/revisions"}],"predecessor-version":[{"id":258,"href":"https:\/\/www.iies.unam.mx\/laboratorios\/suelos-sustentables\/wp-json\/wp\/v2\/pages\/256\/revisions\/258"}],"wp:attachment":[{"href":"https:\/\/www.iies.unam.mx\/laboratorios\/suelos-sustentables\/wp-json\/wp\/v2\/media?parent=256"}],"curies":[{"name":"wp","href":"https:\/\/api.w.org\/{rel}","templated":true}]}}