{"id":141,"date":"2016-01-29T16:51:49","date_gmt":"2016-01-29T16:51:49","guid":{"rendered":"http:\/\/www.iies.unam.mx\/laboratorios\/suelos-sustentables\/?page_id=141"},"modified":"2024-02-28T20:28:33","modified_gmt":"2024-02-28T20:28:33","slug":"lineas-de-investigacion","status":"publish","type":"page","link":"https:\/\/www.iies.unam.mx\/laboratorios\/suelos-sustentables\/lineas-de-investigacion\/","title":{"rendered":"L\u00edneas de investigaci\u00f3n"},"content":{"rendered":"<ul>\n<li>Conservaci\u00f3n de la calidad y las funciones ecosist\u00e9micas del suelo a trav\u00e9s de su uso sustentable<\/li>\n<li>El potencial de los microorganismos en la restauraci\u00f3n y la protecci\u00f3n del suelo en ecosistemas manejados<\/li>\n<li>La relaci\u00f3n entre la diversidad vegetal y la diversidad microbiana como promotora de sustentabilidad y resiliencia en el recurso suelo<\/li>\n<\/ul>\n<div id=\"erdyt-69ef18099c945\" data-id=\"Lg-XEpdBv-k\" class=\"erd-youtube-responsive\" style=\"display:block;position:relative;clear:both;width:100%;max-width:100%;margin-left:auto;margin-right:auto;\"><div style=\"padding-bottom:56.25%;\"><div class=\"erd-ytplay\" id=\"erdytp-Lg-XEpdBv-k-69ef18099c945\" data-vid=\"Lg-XEpdBv-k\" data-src=\"https:\/\/www.youtube.com\/embed\/Lg-XEpdBv-k?loop=1&#038;autoplay=1&#038;rel=0\" data-allowfullscreen=\"true\"><img decoding=\"async\" src=\"https:\/\/i.ytimg.com\/vi\/Lg-XEpdBv-k\/hqdefault.jpg\" alt=\"YouTube video\" \/><\/div><\/div><\/div>\n","protected":false},"excerpt":{"rendered":"<p>Conservaci\u00f3n de la calidad y las funciones ecosist\u00e9micas del suelo a trav\u00e9s de su uso sustentable El potencial de los microorganismos en la restauraci\u00f3n y la protecci\u00f3n del suelo en ecosistemas manejados La relaci\u00f3n entre la diversidad vegetal y la diversidad microbiana como promotora de sustentabilidad y resiliencia en el recurso suelo<\/p>\n","protected":false},"author":5,"featured_media":131,"parent":0,"menu_order":0,"comment_status":"closed","ping_status":"closed","template":"","meta":{"footnotes":""},"_links":{"self":[{"href":"https:\/\/www.iies.unam.mx\/laboratorios\/suelos-sustentables\/wp-json\/wp\/v2\/pages\/141"}],"collection":[{"href":"https:\/\/www.iies.unam.mx\/laboratorios\/suelos-sustentables\/wp-json\/wp\/v2\/pages"}],"about":[{"href":"https:\/\/www.iies.unam.mx\/laboratorios\/suelos-sustentables\/wp-json\/wp\/v2\/types\/page"}],"author":[{"embeddable":true,"href":"https:\/\/www.iies.unam.mx\/laboratorios\/suelos-sustentables\/wp-json\/wp\/v2\/users\/5"}],"replies":[{"embeddable":true,"href":"https:\/\/www.iies.unam.mx\/laboratorios\/suelos-sustentables\/wp-json\/wp\/v2\/comments?post=141"}],"version-history":[{"count":6,"href":"https:\/\/www.iies.unam.mx\/laboratorios\/suelos-sustentables\/wp-json\/wp\/v2\/pages\/141\/revisions"}],"predecessor-version":[{"id":232,"href":"https:\/\/www.iies.unam.mx\/laboratorios\/suelos-sustentables\/wp-json\/wp\/v2\/pages\/141\/revisions\/232"}],"wp:featuredmedia":[{"embeddable":true,"href":"https:\/\/www.iies.unam.mx\/laboratorios\/suelos-sustentables\/wp-json\/wp\/v2\/media\/131"}],"wp:attachment":[{"href":"https:\/\/www.iies.unam.mx\/laboratorios\/suelos-sustentables\/wp-json\/wp\/v2\/media?parent=141"}],"curies":[{"name":"wp","href":"https:\/\/api.w.org\/{rel}","templated":true}]}}