{"id":8,"date":"2023-03-31T21:02:24","date_gmt":"2023-03-31T21:02:24","guid":{"rendered":"https:\/\/www.iies.unam.mx\/laboratorios\/posgrado\/?page_id=8"},"modified":"2025-02-04T20:30:43","modified_gmt":"2025-02-04T20:30:43","slug":"contact","status":"publish","type":"page","link":"https:\/\/www.iies.unam.mx\/laboratorios\/posgrado\/contact\/","title":{"rendered":"Contacto"},"content":{"rendered":"\n<h1 class=\"wp-block-heading has-text-align-left has-neve-text-color-color has-text-color\">Cont\u00e1ctanos<\/h1>\n\n\n\n<div class=\"wp-block-cover alignfull\" style=\"min-height:420px;aspect-ratio:unset;\"><span aria-hidden=\"true\" class=\"wp-block-cover__background has-nv-light-bg-background-color has-background-dim-100 has-background-dim\"><\/span><div class=\"wp-block-cover__inner-container is-layout-flow wp-block-cover-is-layout-flow\">\n<div style=\"height:80px\" aria-hidden=\"true\" class=\"wp-block-spacer\"><\/div>\n\n\n\n<div class=\"wp-block-columns is-layout-flex wp-container-core-columns-is-layout-1 wp-block-columns-is-layout-flex\">\n<div class=\"wp-block-column is-layout-flow wp-block-column-is-layout-flow\">\n<div style=\"height:24px\" aria-hidden=\"true\" class=\"wp-block-spacer\"><\/div>\n\n\n<div class=\"wp-block-image icon-style is-style-rounded\">\n<figure class=\"aligncenter is-resized\"><img decoding=\"async\" src=\"https:\/\/www.iies.unam.mx\/laboratorios\/posgrado\/wp-content\/themes\/neve\/assets\/img\/starter-content\/icon-05.svg\" alt=\"\" style=\"width:48px;height:48px\"\/><\/figure><\/div>\n\n\n<h3 class=\"wp-block-heading has-text-align-center has-neve-text-color-color has-text-color\">Puede ser por tel\u00e9fono<\/h3>\n\n\n\n<p class=\"has-text-align-center has-neve-text-color-color has-text-color\" style=\"font-size:15px\">443-3223803 | Lunes &#8211; Viernes 9-15hrs<\/p>\n\n\n\n<div style=\"height:24px\" aria-hidden=\"true\" class=\"wp-block-spacer\"><\/div>\n<\/div>\n\n\n\n<div class=\"wp-block-column is-layout-flow wp-block-column-is-layout-flow\">\n<div style=\"height:24px\" aria-hidden=\"true\" class=\"wp-block-spacer\"><\/div>\n\n\n<div class=\"wp-block-image icon-style is-style-rounded\">\n<figure class=\"aligncenter is-resized\"><img decoding=\"async\" src=\"https:\/\/www.iies.unam.mx\/laboratorios\/posgrado\/wp-content\/themes\/neve\/assets\/img\/starter-content\/icon-06.svg\" alt=\"\" style=\"width:48px;height:48px\"\/><\/figure><\/div>\n\n\n<h3 class=\"wp-block-heading has-text-align-center has-neve-text-color-color has-text-color\">Por correo electr\u00f3nico<\/h3>\n\n\n\n<p class=\"has-text-align-center has-neve-text-color-color has-text-color\" style=\"font-size:15px\"><a href=\"mailto:ensenanza@iies.unam.mx\">ensenanza@iies.unam.mx<\/a><\/p>\n\n\n\n<div style=\"height:24px\" aria-hidden=\"true\" class=\"wp-block-spacer\"><\/div>\n<\/div>\n\n\n\n<div class=\"wp-block-column is-layout-flow wp-block-column-is-layout-flow\">\n<div style=\"height:24px\" aria-hidden=\"true\" class=\"wp-block-spacer\"><\/div>\n\n\n<div class=\"wp-block-image icon-style is-style-rounded\">\n<figure class=\"aligncenter is-resized\"><img decoding=\"async\" src=\"https:\/\/www.iies.unam.mx\/laboratorios\/posgrado\/wp-content\/themes\/neve\/assets\/img\/starter-content\/icon-04.svg\" alt=\"\" style=\"width:48px;height:48px\"\/><\/figure><\/div>\n\n\n<h3 class=\"wp-block-heading has-text-align-center has-neve-text-color-color has-text-color\">O en persona<\/h3>\n\n\n\n<p class=\"has-text-align-center has-neve-text-color-color has-text-color\" style=\"font-size:15px\">Antigua Carretera a P\u00e1tzcuaro No.8701<br>Col. Ex Hacienda de S\u00e1n Jos\u00e9 de la Huerta<br>C.P. 58190, Morelia, Michoac\u00e1n, M\u00e9xico<\/p>\n\n\n\n<div style=\"height:24px\" aria-hidden=\"true\" class=\"wp-block-spacer\"><\/div>\n<\/div>\n<\/div>\n\n\n\n<div style=\"height:30px\" aria-hidden=\"true\" class=\"wp-block-spacer\"><\/div>\n<\/div><\/div>\n\n\n\n<div class=\"wp-block-cover alignfull\" style=\"min-height:300px;aspect-ratio:unset;\"><span aria-hidden=\"true\" class=\"wp-block-cover__background has-nv-site-bg-background-color has-background-dim-100 has-background-dim\"><\/span><div class=\"wp-block-cover__inner-container is-layout-flow wp-block-cover-is-layout-flow\">\n<div class=\"wp-block-group\"><div class=\"wp-block-group__inner-container is-layout-flow wp-block-group-is-layout-flow\">\n<hr class=\"wp-block-separator has-alpha-channel-opacity\"\/>\n\n\n\n<div class=\"wp-block-columns is-layout-flex wp-container-core-columns-is-layout-2 wp-block-columns-is-layout-flex\">\n<div class=\"wp-block-column is-layout-flow wp-block-column-is-layout-flow\"><div class=\"wp-block-image is-style-default\">\n<figure class=\"aligncenter size-large is-resized\"><img loading=\"lazy\" decoding=\"async\" width=\"1024\" height=\"1024\" src=\"https:\/\/www.iies.unam.mx\/laboratorios\/posgrado\/wp-content\/uploads\/2023\/04\/Murray-1024x1024.jpg\" alt=\"\" class=\"wp-image-80\" style=\"width:256px;height:256px\" srcset=\"https:\/\/www.iies.unam.mx\/laboratorios\/posgrado\/wp-content\/uploads\/2023\/04\/Murray-1024x1024.jpg 1024w, https:\/\/www.iies.unam.mx\/laboratorios\/posgrado\/wp-content\/uploads\/2023\/04\/Murray-300x300.jpg 300w, https:\/\/www.iies.unam.mx\/laboratorios\/posgrado\/wp-content\/uploads\/2023\/04\/Murray-150x150.jpg 150w, https:\/\/www.iies.unam.mx\/laboratorios\/posgrado\/wp-content\/uploads\/2023\/04\/Murray-768x768.jpg 768w, https:\/\/www.iies.unam.mx\/laboratorios\/posgrado\/wp-content\/uploads\/2023\/04\/Murray-1536x1536.jpg 1536w, https:\/\/www.iies.unam.mx\/laboratorios\/posgrado\/wp-content\/uploads\/2023\/04\/Murray.jpg 1813w\" sizes=\"(max-width: 1024px) 100vw, 1024px\" \/><\/figure><\/div>\n\n\n<h3 class=\"wp-block-heading has-text-align-center has-neve-text-color-color has-text-color\">Guillermo Murray Tortarolo<\/h3>\n\n\n\n<p class=\"has-text-align-center has-neve-text-color-color has-text-color\">Jefe de Ense\u00f1anza<\/p>\n\n\n\n<p><\/p>\n\n\n\n<p><\/p>\n\n\n\n<div style=\"height:40px\" aria-hidden=\"true\" class=\"wp-block-spacer\"><\/div>\n<\/div>\n\n\n\n<div class=\"wp-block-column is-layout-flow wp-block-column-is-layout-flow\"><div class=\"wp-block-image is-style-default\">\n<figure class=\"aligncenter size-full is-resized\"><img loading=\"lazy\" decoding=\"async\" width=\"1197\" height=\"1197\" src=\"https:\/\/www.iies.unam.mx\/laboratorios\/posgrado\/wp-content\/uploads\/2025\/02\/image-e1738700965979.png\" alt=\"\" class=\"wp-image-476\" style=\"width:257px;height:257px\" srcset=\"https:\/\/www.iies.unam.mx\/laboratorios\/posgrado\/wp-content\/uploads\/2025\/02\/image-e1738700965979.png 1197w, https:\/\/www.iies.unam.mx\/laboratorios\/posgrado\/wp-content\/uploads\/2025\/02\/image-e1738700965979-300x300.png 300w, https:\/\/www.iies.unam.mx\/laboratorios\/posgrado\/wp-content\/uploads\/2025\/02\/image-e1738700965979-1024x1024.png 1024w, https:\/\/www.iies.unam.mx\/laboratorios\/posgrado\/wp-content\/uploads\/2025\/02\/image-e1738700965979-150x150.png 150w, https:\/\/www.iies.unam.mx\/laboratorios\/posgrado\/wp-content\/uploads\/2025\/02\/image-e1738700965979-768x768.png 768w\" sizes=\"(max-width: 1197px) 100vw, 1197px\" \/><\/figure><\/div>\n\n\n<h3 class=\"wp-block-heading has-text-align-center has-neve-text-color-color has-text-color\">Lila Claudia Rubio Salda\u00f1a<\/h3>\n\n\n\n<p class=\"has-text-align-center has-neve-text-color-color has-text-color\">Asistente de Ense\u00f1anza<\/p>\n<\/div>\n<\/div>\n<\/div><\/div>\n<\/div><\/div>\n\n\n\n<div class=\"wp-block-cover alignfull\" style=\"min-height:600px;aspect-ratio:unset;\"><span aria-hidden=\"true\" class=\"wp-block-cover__background has-nv-dark-bg-background-color has-background-dim-100 has-background-dim\"><\/span><div class=\"wp-block-cover__inner-container is-layout-flow wp-block-cover-is-layout-flow\">\n<div class=\"wp-block-group\"><div class=\"wp-block-group__inner-container is-layout-flow wp-block-group-is-layout-flow\">\n<div style=\"height:80px\" aria-hidden=\"true\" class=\"wp-block-spacer\"><\/div>\n\n\n\n<div class=\"wp-block-columns is-layout-flex wp-container-core-columns-is-layout-3 wp-block-columns-is-layout-flex\">\n<div class=\"wp-block-column is-vertically-aligned-center is-layout-flow wp-block-column-is-layout-flow\" style=\"flex-basis:50%\">\n<h2 class=\"wp-block-heading has-nv-text-dark-bg-color has-text-color\">Env\u00edanos un mensaje o ven a visitarnos<\/h2>\n\n\n\n<p class=\"has-white-color has-text-color\">Antigua Carretera a P\u00e1tzcuaro No.8701<br>Col. Ex Hacienda de S\u00e1n Jos\u00e9 de la Huerta<br>C.P. 58190, Morelia, Michoac\u00e1n, M\u00e9xico<\/p>\n<\/div>\n\n\n\n<div class=\"wp-block-column is-vertically-aligned-center is-layout-flow wp-block-column-is-layout-flow\" style=\"flex-basis:50%\">\n<figure class=\"wp-block-image size-full\"><a href=\"https:\/\/goo.gl\/maps\/JfFzbdBQnUNxnGnM9\" target=\"_blank\" rel=\"noreferrer noopener\"><img loading=\"lazy\" decoding=\"async\" width=\"665\" height=\"592\" src=\"https:\/\/www.iies.unam.mx\/laboratorios\/posgrado\/wp-content\/uploads\/2023\/04\/iies.png\" alt=\"\" class=\"wp-image-73\" srcset=\"https:\/\/www.iies.unam.mx\/laboratorios\/posgrado\/wp-content\/uploads\/2023\/04\/iies.png 665w, https:\/\/www.iies.unam.mx\/laboratorios\/posgrado\/wp-content\/uploads\/2023\/04\/iies-300x267.png 300w\" sizes=\"(max-width: 665px) 100vw, 665px\" \/><\/a><\/figure>\n<\/div>\n<\/div>\n\n\n\n<div style=\"height:40px\" aria-hidden=\"true\" class=\"wp-block-spacer\"><\/div>\n<\/div><\/div>\n<\/div><\/div>\n","protected":false},"excerpt":{"rendered":"<p>Cont\u00e1ctanos<\/p>\n","protected":false},"author":1,"featured_media":0,"parent":0,"menu_order":0,"comment_status":"closed","ping_status":"closed","template":"","meta":{"neve_meta_sidebar":"","neve_meta_container":"","neve_meta_enable_content_width":"on","neve_meta_content_width":100,"neve_meta_title_alignment":"","neve_meta_author_avatar":"","neve_post_elements_order":"","neve_meta_disable_header":"","neve_meta_disable_footer":"","neve_meta_disable_title":"on","footnotes":""},"_links":{"self":[{"href":"https:\/\/www.iies.unam.mx\/laboratorios\/posgrado\/wp-json\/wp\/v2\/pages\/8"}],"collection":[{"href":"https:\/\/www.iies.unam.mx\/laboratorios\/posgrado\/wp-json\/wp\/v2\/pages"}],"about":[{"href":"https:\/\/www.iies.unam.mx\/laboratorios\/posgrado\/wp-json\/wp\/v2\/types\/page"}],"author":[{"embeddable":true,"href":"https:\/\/www.iies.unam.mx\/laboratorios\/posgrado\/wp-json\/wp\/v2\/users\/1"}],"replies":[{"embeddable":true,"href":"https:\/\/www.iies.unam.mx\/laboratorios\/posgrado\/wp-json\/wp\/v2\/comments?post=8"}],"version-history":[{"count":10,"href":"https:\/\/www.iies.unam.mx\/laboratorios\/posgrado\/wp-json\/wp\/v2\/pages\/8\/revisions"}],"predecessor-version":[{"id":478,"href":"https:\/\/www.iies.unam.mx\/laboratorios\/posgrado\/wp-json\/wp\/v2\/pages\/8\/revisions\/478"}],"wp:attachment":[{"href":"https:\/\/www.iies.unam.mx\/laboratorios\/posgrado\/wp-json\/wp\/v2\/media?parent=8"}],"curies":[{"name":"wp","href":"https:\/\/api.w.org\/{rel}","templated":true}]}}