{"id":7,"date":"2020-11-06T15:26:50","date_gmt":"2020-11-06T15:26:50","guid":{"rendered":"https:\/\/www.iies.unam.mx\/comision-equidad-genero\/?page_id=7"},"modified":"2026-02-10T17:39:35","modified_gmt":"2026-02-10T17:39:35","slug":"acerca-de","status":"publish","type":"page","link":"https:\/\/www.iies.unam.mx\/comision-equidad-genero\/acerca-de\/","title":{"rendered":"\u00bfQui\u00e9nes somos?"},"content":{"rendered":"\n<p>La CInIG-IIES estar\u00e1 conformada por siete integrantes de la comunidad del IIES, correspondientes a los sectores acad\u00e9mico, estudiantil, administrativo, la Direcci\u00f3n y el Consejo Interno de la entidad. La composici\u00f3n ser\u00e1 la siguiente:<br><\/p>\n\n\n\n<ul>\n<li>La persona Titular de la Direcci\u00f3n o una persona representante<\/li>\n\n\n\n<li>Dos personas del sector acad\u00e9mico (puede ser personal t\u00e9cnico acad\u00e9mico o de investigaci\u00f3n y una de ellas deber\u00e1 ser representante del personal acad\u00e9mico en el Consejo Interno).<\/li>\n\n\n\n<li>Una persona del sector acad\u00e9mico que est\u00e9 realizando una estancia postdoctoral en el IIES.<\/li>\n\n\n\n<li>Dos personas del sector estudiantil.<\/li>\n\n\n\n<li>Una persona del sector administrativo.<\/li>\n<\/ul>\n\n\n\n<hr class=\"wp-block-separator has-alpha-channel-opacity\"\/>\n\n\n\n<hr class=\"wp-block-separator has-css-opacity\"\/>\n\n\n\n<p>Tras la convocatoria para los nuevos miembros de la <strong>Comisi\u00f3n Interna para la Igualdad de G\u00e9nero del Instituto de Investigaciones en Ecosistemas y Sustentabilidad (CInIG-IIES)<\/strong>, el Consejo Interno aval\u00f3 la nueva conformaci\u00f3n de la CInIG. Actualmente la CInIG-IIES 2024-2025 est\u00e1 integrada por:<\/p>\n\n\n\n<div class=\"wp-block-columns is-layout-flex wp-container-core-columns-is-layout-1 wp-block-columns-is-layout-flex\">\n<div class=\"wp-block-column is-layout-flow wp-block-column-is-layout-flow\" style=\"flex-basis:100%\">\n<figure class=\"wp-block-gallery aligncenter has-nested-images columns-4 is-cropped wp-block-gallery-1 is-layout-flex wp-block-gallery-is-layout-flex\">\n<figure class=\"wp-block-image size-large\"><img loading=\"lazy\" decoding=\"async\" width=\"795\" height=\"1024\" src=\"https:\/\/www.iies.unam.mx\/comision-equidad-genero\/wp-content\/uploads\/2023\/08\/Convocatoria-CInIG-para-Estudiantes-IIES-2023-795x1024.jpg\" alt=\"\" class=\"wp-image-539\" srcset=\"https:\/\/www.iies.unam.mx\/comision-equidad-genero\/wp-content\/uploads\/2023\/08\/Convocatoria-CInIG-para-Estudiantes-IIES-2023-795x1024.jpg 795w, https:\/\/www.iies.unam.mx\/comision-equidad-genero\/wp-content\/uploads\/2023\/08\/Convocatoria-CInIG-para-Estudiantes-IIES-2023-233x300.jpg 233w, https:\/\/www.iies.unam.mx\/comision-equidad-genero\/wp-content\/uploads\/2023\/08\/Convocatoria-CInIG-para-Estudiantes-IIES-2023-768x989.jpg 768w, https:\/\/www.iies.unam.mx\/comision-equidad-genero\/wp-content\/uploads\/2023\/08\/Convocatoria-CInIG-para-Estudiantes-IIES-2023-1193x1536.jpg 1193w, https:\/\/www.iies.unam.mx\/comision-equidad-genero\/wp-content\/uploads\/2023\/08\/Convocatoria-CInIG-para-Estudiantes-IIES-2023-1590x2048.jpg 1590w, https:\/\/www.iies.unam.mx\/comision-equidad-genero\/wp-content\/uploads\/2023\/08\/Convocatoria-CInIG-para-Estudiantes-IIES-2023.jpg 1700w\" sizes=\"(max-width: 795px) 100vw, 795px\" \/><figcaption class=\"wp-element-caption\">Representante de estudiantes<\/figcaption><\/figure>\n\n\n\n<figure class=\"wp-block-image size-full\"><img loading=\"lazy\" decoding=\"async\" width=\"732\" height=\"829\" src=\"https:\/\/www.iies.unam.mx\/comision-equidad-genero\/wp-content\/uploads\/2024\/04\/LauraGiraldo.jpg\" alt=\"\" class=\"wp-image-824\" srcset=\"https:\/\/www.iies.unam.mx\/comision-equidad-genero\/wp-content\/uploads\/2024\/04\/LauraGiraldo.jpg 732w, https:\/\/www.iies.unam.mx\/comision-equidad-genero\/wp-content\/uploads\/2024\/04\/LauraGiraldo-265x300.jpg 265w\" sizes=\"(max-width: 732px) 100vw, 732px\" \/><figcaption class=\"wp-element-caption\">&nbsp;Laura Judith Giraldo Kalil<\/figcaption><\/figure>\n\n\n\n<figure class=\"wp-block-image size-large is-style-default\"><img loading=\"lazy\" decoding=\"async\" width=\"1024\" height=\"1024\" src=\"https:\/\/www.iies.unam.mx\/comision-equidad-genero\/wp-content\/uploads\/2024\/12\/Mariana-1024x1024.jpg\" alt=\"\" class=\"wp-image-855\" srcset=\"https:\/\/www.iies.unam.mx\/comision-equidad-genero\/wp-content\/uploads\/2024\/12\/Mariana-1024x1024.jpg 1024w, https:\/\/www.iies.unam.mx\/comision-equidad-genero\/wp-content\/uploads\/2024\/12\/Mariana-300x300.jpg 300w, https:\/\/www.iies.unam.mx\/comision-equidad-genero\/wp-content\/uploads\/2024\/12\/Mariana-150x150.jpg 150w, https:\/\/www.iies.unam.mx\/comision-equidad-genero\/wp-content\/uploads\/2024\/12\/Mariana-768x768.jpg 768w, https:\/\/www.iies.unam.mx\/comision-equidad-genero\/wp-content\/uploads\/2024\/12\/Mariana.jpg 1323w\" sizes=\"(max-width: 1024px) 100vw, 1024px\" \/><figcaption class=\"wp-element-caption\">Mariana Mart\u00ednez Morales<\/figcaption><\/figure>\n\n\n\n<figure class=\"wp-block-image size-large is-style-default\"><img loading=\"lazy\" decoding=\"async\" width=\"1024\" height=\"1024\" src=\"https:\/\/www.iies.unam.mx\/comision-equidad-genero\/wp-content\/uploads\/2024\/12\/Montserrat-1024x1024.jpg\" alt=\"\" class=\"wp-image-856\" srcset=\"https:\/\/www.iies.unam.mx\/comision-equidad-genero\/wp-content\/uploads\/2024\/12\/Montserrat-1024x1024.jpg 1024w, https:\/\/www.iies.unam.mx\/comision-equidad-genero\/wp-content\/uploads\/2024\/12\/Montserrat-300x300.jpg 300w, https:\/\/www.iies.unam.mx\/comision-equidad-genero\/wp-content\/uploads\/2024\/12\/Montserrat-150x150.jpg 150w, https:\/\/www.iies.unam.mx\/comision-equidad-genero\/wp-content\/uploads\/2024\/12\/Montserrat-768x768.jpg 768w, https:\/\/www.iies.unam.mx\/comision-equidad-genero\/wp-content\/uploads\/2024\/12\/Montserrat-1536x1536.jpg 1536w, https:\/\/www.iies.unam.mx\/comision-equidad-genero\/wp-content\/uploads\/2024\/12\/Montserrat.jpg 1813w\" sizes=\"(max-width: 1024px) 100vw, 1024px\" \/><figcaption class=\"wp-element-caption\"><a href=\"http:\/\/www.iies.unam.mx\/investigacion\/perfiles-investigadores\/montserrat-serrano-medrano\/\">Montserrat Serrano Medrano<\/a><\/figcaption><\/figure>\n\n\n\n<figure class=\"wp-block-image size-large is-style-default\"><img loading=\"lazy\" decoding=\"async\" width=\"800\" height=\"1067\" src=\"https:\/\/www.iies.unam.mx\/comision-equidad-genero\/wp-content\/uploads\/2025\/06\/Pao-edited.jpg\" alt=\"\" class=\"wp-image-894\" srcset=\"https:\/\/www.iies.unam.mx\/comision-equidad-genero\/wp-content\/uploads\/2025\/06\/Pao-edited.jpg 800w, https:\/\/www.iies.unam.mx\/comision-equidad-genero\/wp-content\/uploads\/2025\/06\/Pao-edited-225x300.jpg 225w, https:\/\/www.iies.unam.mx\/comision-equidad-genero\/wp-content\/uploads\/2025\/06\/Pao-edited-768x1024.jpg 768w\" sizes=\"(max-width: 800px) 100vw, 800px\" \/><figcaption class=\"wp-element-caption\">Paola Guadalupe Enr\u00edquez Arreola<\/figcaption><\/figure>\n\n\n\n<figure class=\"wp-block-image size-full is-style-default\"><img loading=\"lazy\" decoding=\"async\" width=\"225\" height=\"225\" src=\"https:\/\/www.iies.unam.mx\/comision-equidad-genero\/wp-content\/uploads\/2026\/02\/Leonor-Solis.jpg\" alt=\"\" class=\"wp-image-909\" srcset=\"https:\/\/www.iies.unam.mx\/comision-equidad-genero\/wp-content\/uploads\/2026\/02\/Leonor-Solis.jpg 225w, https:\/\/www.iies.unam.mx\/comision-equidad-genero\/wp-content\/uploads\/2026\/02\/Leonor-Solis-150x150.jpg 150w\" sizes=\"(max-width: 225px) 100vw, 225px\" \/><figcaption class=\"wp-element-caption\"><strong>Leonor Sol\u00eds Rojas<\/strong><\/figcaption><\/figure>\n\n\n\n<figure class=\"wp-block-image size-full is-style-default\"><img loading=\"lazy\" decoding=\"async\" width=\"225\" height=\"225\" src=\"https:\/\/www.iies.unam.mx\/comision-equidad-genero\/wp-content\/uploads\/2026\/02\/Ernesto-Vega.jpg\" alt=\"\" class=\"wp-image-910\" srcset=\"https:\/\/www.iies.unam.mx\/comision-equidad-genero\/wp-content\/uploads\/2026\/02\/Ernesto-Vega.jpg 225w, https:\/\/www.iies.unam.mx\/comision-equidad-genero\/wp-content\/uploads\/2026\/02\/Ernesto-Vega-150x150.jpg 150w\" sizes=\"(max-width: 225px) 100vw, 225px\" \/><figcaption class=\"wp-element-caption\"><br>Ernesto Vicente Vega Pe\u00f1a<\/figcaption><\/figure>\n\n\n\n<figure class=\"wp-block-image size-large\"><img loading=\"lazy\" decoding=\"async\" width=\"500\" height=\"500\" src=\"https:\/\/www.iies.unam.mx\/comision-equidad-genero\/wp-content\/uploads\/2024\/03\/P_M-015_foto-removebg-preview-1.png\" alt=\"\" class=\"wp-image-796\" srcset=\"https:\/\/www.iies.unam.mx\/comision-equidad-genero\/wp-content\/uploads\/2024\/03\/P_M-015_foto-removebg-preview-1.png 500w, https:\/\/www.iies.unam.mx\/comision-equidad-genero\/wp-content\/uploads\/2024\/03\/P_M-015_foto-removebg-preview-1-300x300.png 300w, https:\/\/www.iies.unam.mx\/comision-equidad-genero\/wp-content\/uploads\/2024\/03\/P_M-015_foto-removebg-preview-1-150x150.png 150w\" sizes=\"(max-width: 500px) 100vw, 500px\" \/><\/figure>\n<\/figure>\n<\/div>\n<\/div>\n\n\n\n<hr class=\"wp-block-separator has-css-opacity\"\/>\n\n\n\n<h2 class=\"wp-block-heading\">Comisiones anteriores<\/h2>\n\n\n\n<p class=\"has-text-align-left\">El 4 de marzo del a\u00f1o 2020 el Consejo Interno anunci\u00f3 la conformaci\u00f3n de la Comisi\u00f3n Interna de Equidad de G\u00e9nero (hoy CInIG) del IIES y aval\u00f3 la elecci\u00f3n de sus miembros.  <\/p>\n\n\n\n<p class=\"has-text-align-left\"><br>El 2 de febrero del a\u00f1o 2022 el Consejo Interno aprob\u00f3 el &#8220;<strong>Manual de operaci\u00f3n y funciones de la Comisi\u00f3n Interna para la Igualdad de G\u00e9nero del Instituto de Investigaciones en Ecosistemas y Sustentabilidad (CInIG-IIES)<\/strong>&#8220;, incorporando a sus dos primeros miembros, para Agosto de 2022 ya contaba con los 7 integrantes de la comisi\u00f3n<br><\/p>\n\n\n\n<hr class=\"wp-block-separator has-css-opacity\"\/>\n\n\n\n<h4 class=\"wp-block-heading\">2025-2026 sus integrantes fueron:<\/h4>\n\n\n\n<ul>\n<li>Ana Lidia Sandoval P\u00e9rez<\/li>\n\n\n\n<li>Ellen Andresen<\/li>\n\n\n\n<li>Frida Sofia Escribano<\/li>\n\n\n\n<li>Laura Judith Giraldo Kalil<\/li>\n\n\n\n<li>Mariana Mart\u00ednez Morales<\/li>\n\n\n\n<li>Montserrat Serrano Medrano<\/li>\n\n\n\n<li>Paola Guadalupe Enr\u00edquez Arreola<\/li>\n\n\n\n<li>Rodrigo Sandoval<\/li>\n\n\n\n<li>Yolanda Garc\u00eda Rodr\u00edguez<\/li>\n<\/ul>\n\n\n\n<h4 class=\"wp-block-heading\">2024-2025 sus integrantes fueron:<\/h4>\n\n\n\n<ul>\n<li>Ana Lidia Sandoval P\u00e9rez<\/li>\n\n\n\n<li>Ellen Andresen<\/li>\n\n\n\n<li>Frida Sofia Escribano<\/li>\n\n\n\n<li>Laura Judith Giraldo Kalil<\/li>\n\n\n\n<li>Mariana Mart\u00ednez Morales<\/li>\n\n\n\n<li>Montserrat Serrano Medrano<\/li>\n\n\n\n<li>Paola Guadalupe Enr\u00edquez Arreola<\/li>\n\n\n\n<li>Rodrigo Sandoval<\/li>\n\n\n\n<li>Yolanda Garc\u00eda Rodr\u00edguez<\/li>\n<\/ul>\n\n\n\n<h4 class=\"wp-block-heading\">2023-2024 sus integrantes fueron:<\/h4>\n\n\n\n<ul>\n<li>Ana Lidia Sandoval P\u00e9rez<\/li>\n\n\n\n<li>Elisa Luna Zu\u00f1iga<\/li>\n\n\n\n<li>Ellen Andresen<\/li>\n\n\n\n<li>Frida Sofia Escribano<\/li>\n\n\n\n<li>Laura Judith Giraldo Kalil<\/li>\n\n\n\n<li>Rodrigo Sandoval<\/li>\n\n\n\n<li>Yolanda Garc\u00eda Rodr\u00edguez<\/li>\n<\/ul>\n\n\n\n<h4 class=\"wp-block-heading\">2022-2023 sus integrantes fueron:<\/h4>\n\n\n\n<ul>\n<li>Am\u00e9rica Bale\u00f3n Sepulveda<\/li>\n\n\n\n<li>Ariana Garc\u00eda Galv\u00e1n<\/li>\n\n\n\n<li>Atzimba G. L\u00f3pez Maldonado<\/li>\n\n\n\n<li>Benjam\u00edn Mora Bedolla<\/li>\n\n\n\n<li>Diana Mar\u00eda M\u00e9ndez Rojas<\/li>\n\n\n\n<li>Diego R. P\u00e9rez Salicrup<\/li>\n\n\n\n<li>Guillermo Murray Tortarolo<\/li>\n<\/ul>\n\n\n\n<h4 class=\"wp-block-heading\">2020-2021 sus integrantes fueron:<\/h4>\n\n\n\n<ul>\n<li>A\u00edda Atenea Bullen Aguiar<\/li>\n\n\n\n<li>Alicia Castillo \u00c1lvarez<\/li>\n\n\n\n<li>Cisteil Xinum P\u00e9rez Hern\u00e1ndez<\/li>\n\n\n\n<li>Cristina Pintor S\u00e1nchez<\/li>\n\n\n\n<li>Harumi Takano<\/li>\n\n\n\n<li>Pablo Eulogio Alarc\u00f3n Ch\u00e1ires (2020)<\/li>\n<\/ul>\n\n\n\n<div class=\"wp-block-group\"><div class=\"wp-block-group__inner-container is-layout-flow wp-block-group-is-layout-flow\">\n<div class=\"wp-block-columns is-layout-flex wp-container-core-columns-is-layout-6 wp-block-columns-is-layout-flex\">\n<div class=\"wp-block-column is-layout-flow wp-block-column-is-layout-flow\" style=\"flex-basis:100%\">\n<div class=\"wp-block-group\"><div class=\"wp-block-group__inner-container is-layout-flow wp-block-group-is-layout-flow\">\n<div class=\"wp-block-columns is-layout-flex wp-container-core-columns-is-layout-2 wp-block-columns-is-layout-flex\">\n<div class=\"wp-block-column is-layout-flow wp-block-column-is-layout-flow\" style=\"flex-basis:100%\"><\/div>\n<\/div>\n<\/div><\/div>\n\n\n\n<hr class=\"wp-block-separator has-css-opacity\"\/>\n\n\n\n<div class=\"wp-block-columns is-layout-flex wp-container-core-columns-is-layout-5 wp-block-columns-is-layout-flex\">\n<div class=\"wp-block-column is-vertically-aligned-top is-layout-flow wp-block-column-is-layout-flow\" style=\"flex-basis:100%\">\n<div class=\"wp-block-group\"><div class=\"wp-block-group__inner-container is-layout-flow wp-block-group-is-layout-flow\">\n<div class=\"wp-block-columns is-layout-flex wp-container-core-columns-is-layout-4 wp-block-columns-is-layout-flex\">\n<div class=\"wp-block-column is-layout-flow wp-block-column-is-layout-flow\" style=\"flex-basis:100%\">\n<div class=\"wp-block-group\"><div class=\"wp-block-group__inner-container is-layout-flow wp-block-group-is-layout-flow\">\n<div class=\"wp-block-columns is-layout-flex wp-container-core-columns-is-layout-3 wp-block-columns-is-layout-flex\">\n<div class=\"wp-block-column is-layout-flow wp-block-column-is-layout-flow\" style=\"flex-basis:100%\"><\/div>\n<\/div>\n<\/div><\/div>\n<\/div>\n<\/div>\n<\/div><\/div>\n<\/div>\n<\/div>\n<\/div>\n<\/div>\n<\/div><\/div>\n\n\n\n<p><\/p>\n\n\n\n<p><\/p>\n","protected":false},"excerpt":{"rendered":"<p>La CInIG-IIES estar\u00e1 conformada por siete integrantes de la comunidad del IIES, correspondientes a los sectores acad\u00e9mico, estudiantil, administrativo, la Direcci\u00f3n y el Consejo Interno de la entidad. La composici\u00f3n ser\u00e1 la siguiente: Tras la convocatoria para los nuevos miembros&hellip;<\/p>\n","protected":false},"author":1,"featured_media":0,"parent":0,"menu_order":0,"comment_status":"closed","ping_status":"closed","template":"","meta":{"footnotes":""},"_links":{"self":[{"href":"https:\/\/www.iies.unam.mx\/comision-equidad-genero\/wp-json\/wp\/v2\/pages\/7"}],"collection":[{"href":"https:\/\/www.iies.unam.mx\/comision-equidad-genero\/wp-json\/wp\/v2\/pages"}],"about":[{"href":"https:\/\/www.iies.unam.mx\/comision-equidad-genero\/wp-json\/wp\/v2\/types\/page"}],"author":[{"embeddable":true,"href":"https:\/\/www.iies.unam.mx\/comision-equidad-genero\/wp-json\/wp\/v2\/users\/1"}],"replies":[{"embeddable":true,"href":"https:\/\/www.iies.unam.mx\/comision-equidad-genero\/wp-json\/wp\/v2\/comments?post=7"}],"version-history":[{"count":65,"href":"https:\/\/www.iies.unam.mx\/comision-equidad-genero\/wp-json\/wp\/v2\/pages\/7\/revisions"}],"predecessor-version":[{"id":914,"href":"https:\/\/www.iies.unam.mx\/comision-equidad-genero\/wp-json\/wp\/v2\/pages\/7\/revisions\/914"}],"wp:attachment":[{"href":"https:\/\/www.iies.unam.mx\/comision-equidad-genero\/wp-json\/wp\/v2\/media?parent=7"}],"curies":[{"name":"wp","href":"https:\/\/api.w.org\/{rel}","templated":true}]}}