{"id":6,"date":"2020-11-06T15:26:50","date_gmt":"2020-11-06T15:26:50","guid":{"rendered":"https:\/\/www.iies.unam.mx\/comision-equidad-genero\/?page_id=6"},"modified":"2026-02-10T15:47:23","modified_gmt":"2026-02-10T15:47:23","slug":"el-nuevo-umoma-abre-sus-puertas-2","status":"publish","type":"page","link":"https:\/\/www.iies.unam.mx\/comision-equidad-genero\/","title":{"rendered":"Comisi\u00f3n Interna para Igualdad de G\u00e9nero del IIES"},"content":{"rendered":"<div class=\"wp-block-image is-style-default\">\n<figure class=\"aligncenter size-large\"><img loading=\"lazy\" decoding=\"async\" width=\"1024\" height=\"341\" src=\"https:\/\/www.iies.unam.mx\/comision-equidad-genero\/wp-content\/uploads\/2026\/02\/Banners-IIES-2025-900-x-300-px-14-1024x341.png\" alt=\"\" class=\"wp-image-905\" srcset=\"https:\/\/www.iies.unam.mx\/comision-equidad-genero\/wp-content\/uploads\/2026\/02\/Banners-IIES-2025-900-x-300-px-14-1024x341.png 1024w, https:\/\/www.iies.unam.mx\/comision-equidad-genero\/wp-content\/uploads\/2026\/02\/Banners-IIES-2025-900-x-300-px-14-300x100.png 300w, https:\/\/www.iies.unam.mx\/comision-equidad-genero\/wp-content\/uploads\/2026\/02\/Banners-IIES-2025-900-x-300-px-14-768x256.png 768w, https:\/\/www.iies.unam.mx\/comision-equidad-genero\/wp-content\/uploads\/2026\/02\/Banners-IIES-2025-900-x-300-px-14-1536x512.png 1536w, https:\/\/www.iies.unam.mx\/comision-equidad-genero\/wp-content\/uploads\/2026\/02\/Banners-IIES-2025-900-x-300-px-14.png 1800w\" sizes=\"(max-width: 1024px) 100vw, 1024px\" \/><\/figure><\/div>\n\n<div class=\"wp-block-image\">\n<figure class=\"aligncenter size-medium\"><a href=\"https:\/\/www.iies.unam.mx\/comision-equidad-genero\/wp-content\/uploads\/2025\/04\/Violentometro-IIES-2.jpg\"><img loading=\"lazy\" decoding=\"async\" width=\"179\" height=\"300\" src=\"https:\/\/www.iies.unam.mx\/comision-equidad-genero\/wp-content\/uploads\/2025\/04\/Violentometro-IIES-2-179x300.jpg\" alt=\"\" class=\"wp-image-886\" srcset=\"https:\/\/www.iies.unam.mx\/comision-equidad-genero\/wp-content\/uploads\/2025\/04\/Violentometro-IIES-2-179x300.jpg 179w, https:\/\/www.iies.unam.mx\/comision-equidad-genero\/wp-content\/uploads\/2025\/04\/Violentometro-IIES-2-611x1024.jpg 611w, https:\/\/www.iies.unam.mx\/comision-equidad-genero\/wp-content\/uploads\/2025\/04\/Violentometro-IIES-2-768x1287.jpg 768w, https:\/\/www.iies.unam.mx\/comision-equidad-genero\/wp-content\/uploads\/2025\/04\/Violentometro-IIES-2.jpg 860w\" sizes=\"(max-width: 179px) 100vw, 179px\" \/><\/a><\/figure><\/div>\n\n\n<hr class=\"wp-block-separator has-alpha-channel-opacity\"\/>\n\n\n\n<div class=\"wp-block-group alignwide\"><div class=\"wp-block-group__inner-container is-layout-flow wp-block-group-is-layout-flow\">\n<h2 class=\"wp-block-heading has-text-align-center\">Conformada con el fin de avanzar en la institucionalizaci\u00f3n de la perspectiva de g\u00e9nero en las pol\u00edticas, programas y en la vida cotidiana de la comunidad universitaria.<\/h2>\n\n\n\n<p>En el a\u00f1o 2018 se public\u00f3 el Documento B\u00e1sico para el Fortalecimiento de la Pol\u00edtica Institucional de G\u00e9nero en la UNAM, en el que se recomienda crear Comisiones Internas de Equidad de G\u00e9nero en las distintas entidades acad\u00e9micas y dependencias universitarias con el fin de avanzar en la institucionalizaci\u00f3n de la perspectiva de g\u00e9nero en las pol\u00edticas, programas y en la vida cotidiana de la comunidad universitaria.<\/p>\n\n\n\n<p>De acuerdo con los<em> Lineamientos Generales para Guiar la Conformaci\u00f3n y el Funcionamiento de las Comisiones Internas para la Igualdad de G\u00e9nero en Entidades Acad\u00e9micas y Dependencias Universitarias de la UNAM <\/em>publicados en la Gaceta UNAM el 17 de noviembre de 2020, la denominaci\u00f3n que corresponde a la presente comisi\u00f3n es: Comisi\u00f3n Interna para la Igualdad de G\u00e9nero del Instituto de Investigaciones en Ecosistemas y Sustentabilidad (CInIG-IIES).<\/p>\n<\/div><\/div>\n\n\n\n<div class=\"wp-block-columns alignwide is-layout-flex wp-container-core-columns-is-layout-1 wp-block-columns-is-layout-flex\">\n<div class=\"wp-block-column is-layout-flow wp-block-column-is-layout-flow\">\n<div class=\"wp-block-group\"><div class=\"wp-block-group__inner-container is-layout-flow wp-block-group-is-layout-flow\">\n<h3 class=\"wp-block-heading\">Misi\u00f3n<\/h3>\n\n\n\n<p>El Instituto de Investigaciones en Ecosistemas y Sustentabilidad, a trav\u00e9s de la CInIG tiene como misi\u00f3n concientizar, promover, proteger y garantizar el cumplimiento de la legislaci\u00f3n sobre la igualdad de derechos humanos entre las personas, llevando a cabo las acciones necesarias mediante los procesos de igualdad entre quienes integran la comunidad Universitaria. <\/p>\n<\/div><\/div>\n\n\n\n<div class=\"wp-block-group\"><div class=\"wp-block-group__inner-container is-layout-flow wp-block-group-is-layout-flow\"><\/div><\/div>\n<\/div>\n\n\n\n<div class=\"wp-block-column is-layout-flow wp-block-column-is-layout-flow\">\n<div class=\"wp-block-group\"><div class=\"wp-block-group__inner-container is-layout-flow wp-block-group-is-layout-flow\">\n<h3 class=\"wp-block-heading\">Visi\u00f3n<\/h3>\n\n\n\n<p>Por una comunidad universitaria comprometida y preocupada por eliminar toda violencia y discriminaci\u00f3n por cuestiones de g\u00e9nero, raciales, discapacidad. Favoreciendo as\u00ed la inclusi\u00f3n, el respeto a la dignidad personal e igualdad de oportunidades.<\/p>\n\n\n\n<p><\/p>\n<\/div><\/div>\n<\/div>\n<\/div>\n\n\n\n<div class=\"wp-block-columns is-layout-flex wp-container-core-columns-is-layout-4 wp-block-columns-is-layout-flex\">\n<div class=\"wp-block-column is-layout-flow wp-block-column-is-layout-flow\" style=\"flex-basis:100%\">\n<div class=\"wp-block-group\"><div class=\"wp-block-group__inner-container is-layout-flow wp-block-group-is-layout-flow\">\n<div class=\"wp-block-columns are-vertically-aligned-center is-layout-flex wp-container-core-columns-is-layout-3 wp-block-columns-is-layout-flex\">\n<div class=\"wp-block-column is-vertically-aligned-center is-layout-flow wp-block-column-is-layout-flow\" style=\"flex-basis:100%\">\n<div class=\"wp-block-button aligncenter is-style-outline\"><a class=\"wp-block-button__link wp-element-button\" href=\"https:\/\/www.iies.unam.mx\/comision-equidad-genero\/contacto\/\">Contacto<\/a><\/div>\n\n\n\n<div class=\"wp-block-columns is-layout-flex wp-container-core-columns-is-layout-2 wp-block-columns-is-layout-flex\">\n<div class=\"wp-block-column is-layout-flow wp-block-column-is-layout-flow\"><\/div>\n\n\n\n<div class=\"wp-block-column is-layout-flow wp-block-column-is-layout-flow\"><\/div>\n\n\n\n<div class=\"wp-block-column is-layout-flow wp-block-column-is-layout-flow\"><\/div>\n<\/div>\n<\/div>\n<\/div>\n<\/div><\/div>\n<\/div>\n<\/div>\n\n\n<div class=\"wp-block-image\">\n<figure class=\"aligncenter size-full\"><img loading=\"lazy\" decoding=\"async\" width=\"2339\" height=\"780\" src=\"https:\/\/www.iies.unam.mx\/comision-equidad-genero\/wp-content\/uploads\/2024\/09\/Banner-cinig.jpg\" alt=\"\" class=\"wp-image-840\" srcset=\"https:\/\/www.iies.unam.mx\/comision-equidad-genero\/wp-content\/uploads\/2024\/09\/Banner-cinig.jpg 2339w, https:\/\/www.iies.unam.mx\/comision-equidad-genero\/wp-content\/uploads\/2024\/09\/Banner-cinig-300x100.jpg 300w, https:\/\/www.iies.unam.mx\/comision-equidad-genero\/wp-content\/uploads\/2024\/09\/Banner-cinig-1024x341.jpg 1024w, https:\/\/www.iies.unam.mx\/comision-equidad-genero\/wp-content\/uploads\/2024\/09\/Banner-cinig-768x256.jpg 768w, https:\/\/www.iies.unam.mx\/comision-equidad-genero\/wp-content\/uploads\/2024\/09\/Banner-cinig-1536x512.jpg 1536w, https:\/\/www.iies.unam.mx\/comision-equidad-genero\/wp-content\/uploads\/2024\/09\/Banner-cinig-2048x683.jpg 2048w\" sizes=\"(max-width: 2339px) 100vw, 2339px\" \/><\/figure><\/div>\n\n\n<p class=\"has-text-align-center\"><\/p>\n","protected":false},"excerpt":{"rendered":"<p>Conformada con el fin de avanzar en la institucionalizaci\u00f3n de la perspectiva de g\u00e9nero en las pol\u00edticas, programas y en la vida cotidiana de la comunidad universitaria. En el a\u00f1o 2018 se public\u00f3 el Documento B\u00e1sico para el Fortalecimiento de&hellip;<\/p>\n","protected":false},"author":1,"featured_media":0,"parent":0,"menu_order":0,"comment_status":"closed","ping_status":"closed","template":"","meta":{"footnotes":""},"_links":{"self":[{"href":"https:\/\/www.iies.unam.mx\/comision-equidad-genero\/wp-json\/wp\/v2\/pages\/6"}],"collection":[{"href":"https:\/\/www.iies.unam.mx\/comision-equidad-genero\/wp-json\/wp\/v2\/pages"}],"about":[{"href":"https:\/\/www.iies.unam.mx\/comision-equidad-genero\/wp-json\/wp\/v2\/types\/page"}],"author":[{"embeddable":true,"href":"https:\/\/www.iies.unam.mx\/comision-equidad-genero\/wp-json\/wp\/v2\/users\/1"}],"replies":[{"embeddable":true,"href":"https:\/\/www.iies.unam.mx\/comision-equidad-genero\/wp-json\/wp\/v2\/comments?post=6"}],"version-history":[{"count":63,"href":"https:\/\/www.iies.unam.mx\/comision-equidad-genero\/wp-json\/wp\/v2\/pages\/6\/revisions"}],"predecessor-version":[{"id":907,"href":"https:\/\/www.iies.unam.mx\/comision-equidad-genero\/wp-json\/wp\/v2\/pages\/6\/revisions\/907"}],"wp:attachment":[{"href":"https:\/\/www.iies.unam.mx\/comision-equidad-genero\/wp-json\/wp\/v2\/media?parent=6"}],"curies":[{"name":"wp","href":"https:\/\/api.w.org\/{rel}","templated":true}]}}