{"id":43,"date":"2020-11-06T15:53:29","date_gmt":"2020-11-06T15:53:29","guid":{"rendered":"https:\/\/www.iies.unam.mx\/comision-equidad-genero\/?page_id=43"},"modified":"2022-03-07T20:29:51","modified_gmt":"2022-03-07T20:29:51","slug":"funciones","status":"publish","type":"page","link":"https:\/\/www.iies.unam.mx\/comision-equidad-genero\/funciones\/","title":{"rendered":"Funciones"},"content":{"rendered":"\n<h2 class=\"wp-block-heading\">Funciones de la CInIG<\/h2>\n\n\n\n<p>Algunas de nuestras funciones incluyen:<\/p>\n\n\n\n<ul type=\"i\"><li>Impulsar la implementaci\u00f3n de la pol\u00edtica institucional en materia de igualdad de g\u00e9nero de la UNAM en el IIES, en coordinaci\u00f3n y colaboraci\u00f3n con la CIGU.\u00a0<\/li><li>Promover en el IIES la difusi\u00f3n y conocimiento de la normativa universitaria en materia de igualdad de g\u00e9nero y de prevenci\u00f3n de la violencia por razones de g\u00e9nero.<\/li><li>Dise\u00f1ar y promover mecanismos y estrategias de prevenci\u00f3n y erradicaci\u00f3n de la violencia por razones de g\u00e9nero en las entidades acad\u00e9micas y dependencias universitarias, en apego a la normativa universitaria y en coordinaci\u00f3n con sus respectivas direcciones.<\/li><li>En caso de recibir consultas de la comunidad sobre la ruta de atenci\u00f3n de casos de violencia por razones de g\u00e9nero, la CInIG-IIES fungir\u00e1 como enlace y referir\u00e1 de manera inmediata a las personas agraviadas a la Defensor\u00eda de los Derechos Universitarios, Igualdad y Atenci\u00f3n de la Violencia de G\u00e9nero, toda vez que las CInIG no cuentan con atribuciones para brindar atenci\u00f3n directa a los casos.<\/li><li>Mantener contacto peri\u00f3dico con la comunidad universitaria del IIES para analizar, escuchar y dar seguimiento a las problem\u00e1ticas en materia de desigualdad de g\u00e9nero que enfrentan las mujeres universitarias, as\u00ed como las diversidades sexogen\u00e9ricas, en cada uno de los sectores (estudiantil, acad\u00e9mico y administrativo).<\/li><li>Construir esquemas de comunicaci\u00f3n, colaboraci\u00f3n y trabajo participativo con todos los sectores de la comunidad universitaria del IIES a fin de desarrollar propuestas que ayuden a fortalecer los lazos y la vida comunitaria desde un enfoque de igualdad sustantiva de g\u00e9nero, no discriminaci\u00f3n y erradicaci\u00f3n de la violencia por razones de g\u00e9nero.<\/li><li>Recomendar la incorporaci\u00f3n de acciones a favor de la igualdad sustantiva de g\u00e9nero en el plan de desarrollo del IIES.<\/li><li>En colaboraci\u00f3n con la CIGU, elaborar un diagn\u00f3stico local de las problem\u00e1ticas en materia de desigualdad de g\u00e9nero del IIES, que contemple la participaci\u00f3n de la comunidad y que se realice con un enfoque integral, el cual se actualizar\u00e1 cada cuatro a\u00f1os.<\/li><li>Acompa\u00f1ar los procesos institucionales necesarios para la implementaci\u00f3n de las acciones de igualdad sustantiva de g\u00e9nero incorporadas en el programa de trabajo anual del IIES.<\/li><li>Propiciar la articulaci\u00f3n de todas las \u00e1reas y \u00f3rganos colegiados del IIES vinculados a la tem\u00e1tica de igualdad sustantiva de g\u00e9nero y prevenci\u00f3n de la violencia por razones de g\u00e9nero, a fin de implementar estrategias integrales y de trabajo conjunto.<\/li><li><span style=\"color: initial;\">Dar seguimiento a la implementaci\u00f3n de la pol\u00edtica institucional en materia de igualdad de g\u00e9nero, por medio del Sistema de Seguimiento y Transversalizaci\u00f3n de la Pol\u00edtica Institucional en materia de Igualdad de G\u00e9nero de la UNAM a cargo de la CIGU.<\/span><\/li><\/ul>\n","protected":false},"excerpt":{"rendered":"<p>Funciones de la CInIG Algunas de nuestras funciones incluyen: Impulsar la implementaci\u00f3n de la pol\u00edtica institucional en materia de igualdad de g\u00e9nero de la UNAM en el IIES, en coordinaci\u00f3n y colaboraci\u00f3n con la CIGU.\u00a0 Promover en el IIES la&hellip;<\/p>\n","protected":false},"author":1,"featured_media":0,"parent":0,"menu_order":0,"comment_status":"closed","ping_status":"closed","template":"","meta":{"footnotes":""},"_links":{"self":[{"href":"https:\/\/www.iies.unam.mx\/comision-equidad-genero\/wp-json\/wp\/v2\/pages\/43"}],"collection":[{"href":"https:\/\/www.iies.unam.mx\/comision-equidad-genero\/wp-json\/wp\/v2\/pages"}],"about":[{"href":"https:\/\/www.iies.unam.mx\/comision-equidad-genero\/wp-json\/wp\/v2\/types\/page"}],"author":[{"embeddable":true,"href":"https:\/\/www.iies.unam.mx\/comision-equidad-genero\/wp-json\/wp\/v2\/users\/1"}],"replies":[{"embeddable":true,"href":"https:\/\/www.iies.unam.mx\/comision-equidad-genero\/wp-json\/wp\/v2\/comments?post=43"}],"version-history":[{"count":5,"href":"https:\/\/www.iies.unam.mx\/comision-equidad-genero\/wp-json\/wp\/v2\/pages\/43\/revisions"}],"predecessor-version":[{"id":222,"href":"https:\/\/www.iies.unam.mx\/comision-equidad-genero\/wp-json\/wp\/v2\/pages\/43\/revisions\/222"}],"wp:attachment":[{"href":"https:\/\/www.iies.unam.mx\/comision-equidad-genero\/wp-json\/wp\/v2\/media?parent=43"}],"curies":[{"name":"wp","href":"https:\/\/api.w.org\/{rel}","templated":true}]}}