{"id":42,"date":"2020-11-06T15:53:29","date_gmt":"2020-11-06T15:53:29","guid":{"rendered":"https:\/\/www.iies.unam.mx\/comision-equidad-genero\/?page_id=42"},"modified":"2022-03-07T20:24:22","modified_gmt":"2022-03-07T20:24:22","slug":"objetivos","status":"publish","type":"page","link":"https:\/\/www.iies.unam.mx\/comision-equidad-genero\/objetivos\/","title":{"rendered":"Objetivo"},"content":{"rendered":"\n<h2 class=\"wp-block-heading\">Objetivo de la CInIG<\/h2>\n\n\n\n<p>Impulsar la implementaci\u00f3n de la pol\u00edtica institucional en materia de igualdad de g\u00e9nero de la Universidad y prevenir cualquier tipo de discriminaci\u00f3n y violencia por razones de g\u00e9nero que afecten a la comunidad del Instituto a trav\u00e9s de acciones sistem\u00e1ticas y profundas dise\u00f1adas con la participaci\u00f3n de las autoridades y de su comunidad.<\/p>\n","protected":false},"excerpt":{"rendered":"<p>Objetivo de la CInIG Impulsar la implementaci\u00f3n de la pol\u00edtica institucional en materia de igualdad de g\u00e9nero de la Universidad y prevenir cualquier tipo de discriminaci\u00f3n y violencia por razones de g\u00e9nero que afecten a la comunidad del Instituto a&hellip;<\/p>\n","protected":false},"author":1,"featured_media":0,"parent":0,"menu_order":0,"comment_status":"closed","ping_status":"closed","template":"","meta":{"footnotes":""},"_links":{"self":[{"href":"https:\/\/www.iies.unam.mx\/comision-equidad-genero\/wp-json\/wp\/v2\/pages\/42"}],"collection":[{"href":"https:\/\/www.iies.unam.mx\/comision-equidad-genero\/wp-json\/wp\/v2\/pages"}],"about":[{"href":"https:\/\/www.iies.unam.mx\/comision-equidad-genero\/wp-json\/wp\/v2\/types\/page"}],"author":[{"embeddable":true,"href":"https:\/\/www.iies.unam.mx\/comision-equidad-genero\/wp-json\/wp\/v2\/users\/1"}],"replies":[{"embeddable":true,"href":"https:\/\/www.iies.unam.mx\/comision-equidad-genero\/wp-json\/wp\/v2\/comments?post=42"}],"version-history":[{"count":6,"href":"https:\/\/www.iies.unam.mx\/comision-equidad-genero\/wp-json\/wp\/v2\/pages\/42\/revisions"}],"predecessor-version":[{"id":219,"href":"https:\/\/www.iies.unam.mx\/comision-equidad-genero\/wp-json\/wp\/v2\/pages\/42\/revisions\/219"}],"wp:attachment":[{"href":"https:\/\/www.iies.unam.mx\/comision-equidad-genero\/wp-json\/wp\/v2\/media?parent=42"}],"curies":[{"name":"wp","href":"https:\/\/api.w.org\/{rel}","templated":true}]}}