{"id":32,"date":"2020-11-06T15:43:51","date_gmt":"2020-11-06T15:43:51","guid":{"rendered":"https:\/\/www.iies.unam.mx\/comision-equidad-genero\/?page_id=32"},"modified":"2022-11-19T00:14:29","modified_gmt":"2022-11-19T00:14:29","slug":"documentos","status":"publish","type":"page","link":"https:\/\/www.iies.unam.mx\/comision-equidad-genero\/documentos\/","title":{"rendered":"Documentos operativos y de funcionamiento"},"content":{"rendered":"\n<p><a href=\"https:\/\/www.iies.unam.mx\/comision-equidad-genero\/wp-content\/uploads\/2022\/03\/Manual-CInIG-IIES.pdf\">Manual de operaci\u00f3n y funciones de la Comisi\u00f3n Interna para la Igualdad de G\u00e9nero de Instituto de Investigaciones en Ecosistemas y Sustentabilidad (CInIG-IIES)<\/a><\/p>\n\n\n\n<hr class=\"wp-block-separator has-css-opacity\"\/>\n\n\n<div class=\"wp-block-image\">\n<figure class=\"alignleft size-full is-resized\"><a href=\"https:\/\/www.defensoria.unam.mx\/web\/documentos\/protocolo-atencion-integral-de-violencia-por-razones-de-genero.pdf\" target=\"_blank\" rel=\"noreferrer noopener\"><img loading=\"lazy\" decoding=\"async\" src=\"https:\/\/www.iies.unam.mx\/comision-equidad-genero\/wp-content\/uploads\/2022\/11\/221117-protocolo.jpg\" alt=\"\" class=\"wp-image-318\" width=\"134\" height=\"75\"\/><\/a><\/figure><\/div>\n\n\n<p><br><a rel=\"noreferrer noopener\" href=\"https:\/\/www.defensoria.unam.mx\/web\/documentos\/protocolo-atencion-integral-de-violencia-por-razones-de-genero.pdf\" target=\"_blank\">Protocolo para la atenci\u00f3n de casos de violencia de g\u00e9nero<\/a><br><\/p>\n\n\n\n<p><a rel=\"noreferrer noopener\" href=\"https:\/\/www.iies.unam.mx\/comision-equidad-genero\/wp-content\/uploads\/2020\/11\/Lineamientos_Generales_Para_la_Igualdad_de_Genero_en_la_UNAM.pdf\" target=\"_blank\">Lineamientos generales para la igualdad de g\u00e9nero en la UNAM<\/a><\/p>\n\n\n\n<p><a href=\"https:\/\/www.iies.unam.mx\/comision-equidad-genero\/wp-content\/uploads\/2021\/05\/201117-Lineamientos-Generales-Comisiones-Internas-para-la-Igualdad-de-Genero-1.pdf\" target=\"_blank\" rel=\"noreferrer noopener\">Lineamientos generales para guiar la conformaci\u00f3n y el funcionamiento de las Comisiones Internas para la Igualdad de G\u00e9nero en entidades acad\u00e9micas y dependencias universitarias de la UNAM<\/a><\/p>\n\n\n\n<p><a href=\"https:\/\/www.iies.unam.mx\/comision-equidad-genero\/wp-content\/uploads\/2020\/11\/DOC_BASICO_EQUIDAD_GENERO_2018.pdf\" target=\"_blank\" rel=\"noreferrer noopener\">Documento b\u00e1sico para el fortalecimiento de la pol\u00edtica institucional de g\u00e9nero de la UNAM<\/a><\/p>\n\n\n\n<p><\/p>\n\n\n\n<hr class=\"wp-block-separator has-css-opacity\"\/>\n\n\n\n<p>Para consultar los documentos normativos en materia de igualdad de la UNAM visita la <a href=\"https:\/\/coordinaciongenero.unam.mx\/cinigs\/\" target=\"_blank\" rel=\"noreferrer noopener\">Coordinaci\u00f3n para la Igualdad de G\u00e9nero<\/a><\/p>\n","protected":false},"excerpt":{"rendered":"<p>Manual de operaci\u00f3n y funciones de la Comisi\u00f3n Interna para la Igualdad de G\u00e9nero de Instituto de Investigaciones en Ecosistemas y Sustentabilidad (CInIG-IIES) Protocolo para la atenci\u00f3n de casos de violencia de g\u00e9nero Lineamientos generales para la igualdad de g\u00e9nero&hellip;<\/p>\n","protected":false},"author":1,"featured_media":0,"parent":0,"menu_order":0,"comment_status":"closed","ping_status":"closed","template":"","meta":{"footnotes":""},"_links":{"self":[{"href":"https:\/\/www.iies.unam.mx\/comision-equidad-genero\/wp-json\/wp\/v2\/pages\/32"}],"collection":[{"href":"https:\/\/www.iies.unam.mx\/comision-equidad-genero\/wp-json\/wp\/v2\/pages"}],"about":[{"href":"https:\/\/www.iies.unam.mx\/comision-equidad-genero\/wp-json\/wp\/v2\/types\/page"}],"author":[{"embeddable":true,"href":"https:\/\/www.iies.unam.mx\/comision-equidad-genero\/wp-json\/wp\/v2\/users\/1"}],"replies":[{"embeddable":true,"href":"https:\/\/www.iies.unam.mx\/comision-equidad-genero\/wp-json\/wp\/v2\/comments?post=32"}],"version-history":[{"count":14,"href":"https:\/\/www.iies.unam.mx\/comision-equidad-genero\/wp-json\/wp\/v2\/pages\/32\/revisions"}],"predecessor-version":[{"id":319,"href":"https:\/\/www.iies.unam.mx\/comision-equidad-genero\/wp-json\/wp\/v2\/pages\/32\/revisions\/319"}],"wp:attachment":[{"href":"https:\/\/www.iies.unam.mx\/comision-equidad-genero\/wp-json\/wp\/v2\/media?parent=32"}],"curies":[{"name":"wp","href":"https:\/\/api.w.org\/{rel}","templated":true}]}}